{"id":325,"date":"2022-08-27T12:38:40","date_gmt":"2022-08-27T10:38:40","guid":{"rendered":"http:\/\/atib-kornwestheim.de\/?page_id=325"},"modified":"2022-08-27T12:46:40","modified_gmt":"2022-08-27T10:46:40","slug":"impressum","status":"publish","type":"page","link":"https:\/\/atib-kornwestheim.de\/?page_id=325","title":{"rendered":"Impressum"},"content":{"rendered":"\n<p><\/p>\n\n\n\n<h4 class=\"wp-block-heading\"><strong>Anschrift<\/strong><\/h4>\n\n\n\n<p>AT\u0130B &#8211; Union T\u00fcrkisch Islamischer Kulturvereine in Europa Kornwestheim<br>Bahnhofstra\u00dfe 54<br>D-70806 Kornwestheim<\/p>\n\n\n\n<h4 class=\"wp-block-heading\">Telefon<\/h4>\n\n\n\n<p>07154 181717<\/p>\n\n\n\n<h4 class=\"wp-block-heading\">Fax<\/h4>\n\n\n\n<p>07154 182315<\/p>\n\n\n\n<h4 class=\"wp-block-heading\">Email<\/h4>\n\n\n\n<p>info@atib-kornwestheim.de<\/p>\n\n\n\n<h4 class=\"wp-block-heading\">Vertreten durch den Vorstand<\/h4>\n\n\n\n<p>Osman Altin, Vorsitzender<\/p>\n\n\n\n<h4 class=\"wp-block-heading\">Haftung<\/h4>\n\n\n\n<p>Die ATIB-Kornwestheim\u00a0bem\u00fcht sich auf dieser Webseite richtige und vollst\u00e4ndige Informationen zur Verf\u00fcgung zu stellen, \u00fcbernimmt jedoch keine Haftung oder\u00a0Garantie f\u00fcr die Aktualit\u00e4t, Richtigkeit und Vollst\u00e4ndigkeit der auf dieser Webseite bereitgestellten Informationen. Dies gilt auch f\u00fcr alle Verbindungen (\u201aLinks\u2018), auf die diese Webseite direkt oder indirekt verweist. Die ATIB-Kornwestheim\u00a0ist f\u00fcr den Inhalt einer Seite, die mit einem solchen Link erreicht wird, nicht verantwortlich. Die Redaktion \u00fcbernimmt keine Haftung f\u00fcr unverlangt eingesandte Manuskripte, Fotos, Illustrationen. Namentlich gekennzeichnete Beitr\u00e4ge geben nicht unbedingt die Meinung der Redaktion wieder. Das Copyright sowie die Verantwortung f\u00fcr die\u00a0publizierten Inhalte liegen ausschlie\u00dflich bei den jeweiligen Autoren. Die Nennung von Firmen- oder Markennamen erfolgt ohne Pr\u00fcfung etwaiger Rechte Dritter. Aus einem fehlenden Markenschutz- oder Copyright-Hinweis kann insbesondere nicht der Schluss gezogen werden, diese Namen\u00a0 und\/oder Bezeichnungen seinen frei von Rechten Dritter. F\u00fcr Eintr\u00e4ge, die im Forum und im G\u00e4stebuch dieses Projektes vorgenommen werden,\u00a0 \u00a0 \u00a0 \u00a0 \u00fcbernehmen die Betreiber dieser Seite grunds\u00e4tzlich keine Haftung. Der Inhalt dieser Webseite ist urheberrechtlich gesch\u00fctzt. Alle Rechte f\u00fcr den\u00a0 Inhalt und die Gestaltung stehen allein der ATIB-Kornwestheim zu.<\/p>\n\n\n\n<p>\u200b<\/p>\n","protected":false},"excerpt":{"rendered":"<p>Anschrift AT\u0130B &#8211; Union T\u00fcrkisch Islamischer Kulturvereine in Europa KornwestheimBahnhofstra\u00dfe 54D-70806 Kornwestheim Telefon 07154 181717 Fax 07154 182315 Email info@atib-kornwestheim.de [&hellip;]<\/p>\n","protected":false},"author":1,"featured_media":0,"parent":0,"menu_order":0,"comment_status":"closed","ping_status":"closed","template":"","meta":{"footnotes":""},"class_list":["post-325","page","type-page","status-publish","hentry"],"_links":{"self":[{"href":"https:\/\/atib-kornwestheim.de\/index.php?rest_route=\/wp\/v2\/pages\/325","targetHints":{"allow":["GET"]}}],"collection":[{"href":"https:\/\/atib-kornwestheim.de\/index.php?rest_route=\/wp\/v2\/pages"}],"about":[{"href":"https:\/\/atib-kornwestheim.de\/index.php?rest_route=\/wp\/v2\/types\/page"}],"author":[{"embeddable":true,"href":"https:\/\/atib-kornwestheim.de\/index.php?rest_route=\/wp\/v2\/users\/1"}],"replies":[{"embeddable":true,"href":"https:\/\/atib-kornwestheim.de\/index.php?rest_route=%2Fwp%2Fv2%2Fcomments&post=325"}],"version-history":[{"count":3,"href":"https:\/\/atib-kornwestheim.de\/index.php?rest_route=\/wp\/v2\/pages\/325\/revisions"}],"predecessor-version":[{"id":330,"href":"https:\/\/atib-kornwestheim.de\/index.php?rest_route=\/wp\/v2\/pages\/325\/revisions\/330"}],"wp:attachment":[{"href":"https:\/\/atib-kornwestheim.de\/index.php?rest_route=%2Fwp%2Fv2%2Fmedia&parent=325"}],"curies":[{"name":"wp","href":"https:\/\/api.w.org\/{rel}","templated":true}]}}